{"id":3,"date":"2022-02-01T19:30:40","date_gmt":"2022-02-01T18:30:40","guid":{"rendered":"http:\/\/inphusio.com\/?page_id=3"},"modified":"2022-04-04T11:08:33","modified_gmt":"2022-04-04T09:08:33","slug":"mentions-legales","status":"publish","type":"page","link":"http:\/\/inphusio.com\/en\/mentions-legales\/","title":{"rendered":"Legal information"},"content":{"rendered":"<div id=\"fws_69d57f795f05a\"  data-column-margin=\"default\" data-midnight=\"dark\" data-top-percent=\"6%\" data-bottom-percent=\"6%\"  class=\"wpb_row vc_row-fluid vc_row full-width-section vc_row-o-equal-height vc_row-flex\"  style=\"padding-top: calc(100vw * 0.06); padding-bottom: calc(100vw * 0.06); \"><div class=\"row-bg-wrap\" data-bg-animation=\"none\" data-bg-overlay=\"true\"><div class=\"inner-wrap using-image\"><div class=\"row-bg viewport-desktop using-image\"  style=\"background-image: url(https:\/\/inphusio.com\/wp-content\/uploads\/2022\/02\/francais-anglais-formation-coaching.jpg); background-position: center top; background-repeat: no-repeat; \"><\/div><\/div><div class=\"row-bg-overlay\" style=\"background-color:#2a3180;  opacity: 0.8; \"><\/div><\/div><div class=\"nectar-shape-divider-wrap\" style=\" height:12%;\" data-using-percent-val=\"true\" data-height=\"12%\" data-front=\"\" data-style=\"curve_asym\" data-position=\"bottom\" ><svg class=\"nectar-shape-divider\" aria-hidden=\"true\" fill=\"#ffffff\" xmlns=\"http:\/\/www.w3.org\/2000\/svg\" viewbox=\"0 0 100 100\" preserveaspectratio=\"none\"> <path d=\"M0 100 C 20 0 50 0 100 100 Z\"><\/path> <\/svg><\/div><div class=\"row_col_wrap_12 col span_12 dark left\">\n\t<div  class=\"vc_col-sm-12 vc_col-xs-6 wpb_column column_container vc_column_container col padding-3-percent inherit_tablet inherit_phone\"  data-padding-pos=\"top\" data-has-bg-color=\"false\" data-bg-color=\"\" data-bg-opacity=\"1\" data-animation=\"\" data-delay=\"0\" >\n\t\t<div class=\"vc_column-inner\" >\n\t\t\t<div class=\"wpb_wrapper\">\n\t\t\t\t<div class=\"nectar-highlighted-text font_size_5vh\" data-style=\"text_outline\" data-outline-thickness=\"regular\" data-user-color=\"true\" style=\"color: #ffffff;\" data-using-custom-color=\"false\" data-animation-delay=\"false\" data-color=\"\" data-color-gradient=\"\">\n<h1 style=\"text-align: center;\">Legal information<\/h1>\n<\/div>\n\t\t\t<\/div> \n\t\t<\/div>\n\t<\/div> \n<\/div><\/div>\r\n\t\t<div id=\"fws_69d57f795f79e\"  data-column-margin=\"default\" data-midnight=\"dark\" data-top-percent=\"5%\" data-bottom-percent=\"5%\"  class=\"wpb_row vc_row-fluid vc_row\"  style=\"padding-top: calc(100vw * 0.05); padding-bottom: calc(100vw * 0.05); \"><div class=\"row-bg-wrap\" data-bg-animation=\"none\" data-bg-overlay=\"false\"><div class=\"inner-wrap\"><div class=\"row-bg viewport-desktop\"  style=\"\"><\/div><\/div><\/div><div class=\"row_col_wrap_12 col span_12 dark left\">\n\t<div  class=\"vc_col-sm-3 wpb_column column_container vc_column_container col no-extra-padding inherit_tablet inherit_phone\"  data-padding-pos=\"all\" data-has-bg-color=\"false\" data-bg-color=\"\" data-bg-opacity=\"1\" data-animation=\"\" data-delay=\"0\" >\n\t\t<div class=\"vc_column-inner\" >\n\t\t\t<div class=\"wpb_wrapper\">\n\t\t\t\t\n\t\t\t<\/div> \n\t\t<\/div>\n\t<\/div> \n\n\t<div  class=\"vc_col-sm-6 wpb_column column_container vc_column_container col no-extra-padding inherit_tablet inherit_phone\"  data-padding-pos=\"all\" data-has-bg-color=\"false\" data-bg-color=\"\" data-bg-opacity=\"1\" data-animation=\"\" data-delay=\"0\" >\n\t\t<div class=\"vc_column-inner\" >\n\t\t\t<div class=\"wpb_wrapper\">\n\t\t\t\t<div class=\"nectar-gradient-text\" data-direction=\"diagonal\" data-color=\"extra-color-gradient-1\" style=\"\"><h2>Inphusio<\/h2><\/div>\r\n<div class=\"wpb_text_column wpb_content_element\" >\r\n\t<div class=\"wpb_wrapper\">\r\n\t\t<p>You have the right to access, modify, rectify and delete data concerning you (French law \"Informatique et Libert\u00e9s\" of January 6th 1978).<\/p>\n<p>To exercise this right, please use the contact form or contact us at:<\/p>\n<p><strong>Inphusio<\/strong><br \/>\ncontact@inphusio.com<\/p>\n<p>You are currently freely connected to the site www.inphusio.com (hereinafter referred to as the \"Site\")<\/p>\n<p><span style=\"color: #2a3180;\"><strong>Site designed and produced by:<\/strong> <\/span><br \/>\nCosmoCat<br \/>\n54000 Nancy<br \/>\n+ 33 (0)6 85 07 21 53<br \/>\n<a href=\"https:\/\/www.cosmocat.fr\">www.cosmocat.fr<\/a><br \/>\ncontact@cosmocat.fr<\/p>\n<p><span style=\"color: #2a3180;\"><strong>Hosted by<\/strong><\/span><br \/>\nOVH<\/p>\n<p>To access the site in optimal conditions, do not forget to update your browser by installing the latest version.<\/p>\n<p>&nbsp;<\/p>\n<p><span style=\"color: #2a3180;\"><strong>Copyright :<\/strong><\/span><br \/>\nThe videos, photos, texts and logos contained on the Inphusio website are protected by intellectual property rights held by Inphusio. The applications are protected by intellectual property rights held by third parties.<\/p>\n<p>&nbsp;<\/p>\n<p><span style=\"color: #2a3180;\"><strong>Photo credits:<\/strong> <\/span><br \/>\nUnsplash<\/p>\n<p>Their extraction is exclusively reserved for a strictly personal, non collective and non commercial use.<\/p>\n<p>Any other use, transmission, redistribution or reproduction of these photos, texts, logos and applications for any purpose other than personal and non-commercial, including on another website without the express prior written consent of Inphusio is strictly prohibited.<\/p>\n<p>Any reproduction (transfer on another support) or use of data of the website of Inphusio is exclusively limited to the personal and private use of the users of the Internet network, with the exclusion of any diffusion in particular for commercial use.<\/p>\n<p>Any reproduction or use, even for private purposes, of all or a substantial part of the data of the website of Inphusio is strictly forbidden and liable to prosecution in accordance with articles L 343-1 and following of the Code of Intellectual Property, the national regulations and the international conventions in force.<\/p>\n<p>Violation of these mandatory provisions shall subject the violator, and all responsible persons, to the criminal and civil penalties provided by law.<\/p>\n<p>Conditions d\u2019utilisations du site \u2028Inphusio se r\u00e9serve le droit de modifier, sans notification pr\u00e9alable, le contenu et la pr\u00e9sentation du site. En conformit\u00e9 avec l\u2019article 43 de la loi n\u00b086-1067 du 30 Septembre 1986, il est indiqu\u00e9 que le directeur de la publication du site est \u201cInphusio\u201d. L\u2019utilisateur du site Internet reconna\u00eet disposer de la comp\u00e9tence et des moyens n\u00e9cessaires pour acc\u00e9der et utiliser ce site. Il reconna\u00eet \u00e9galement avoir pris connaissance des informations l\u00e9gales et s\u2019engage \u00e0 les respecter. Il appartient \u00e0 l\u2019utilisateur de faire des informations obtenues un usage conforme \u00e0 la l\u00e9gislation en vigueur.<\/p>\n<p>&nbsp;<\/p>\n<p><span style=\"color: #2a3180;\"><strong>Cookies:<\/strong> <\/span><br \/>\nSome parts of the site place a \"cookie\" on your computer. A cookie does not allow us to identify you. In general, it records information about your computer's navigation on our site (the pages you consulted, the date and time of the consultation, etc.) that we can read during your subsequent visits. Thus, you will not need to fill out again the forms that we have proposed to you. This information is stored on your computer for one year. You have the possibility to set your browser to oppose the recording of \"cookies\".<\/p>\n<p><span style=\"color: #2a3180;\"><strong>Privacy Policy:<\/strong><\/span><br \/>\nIn general, you can visit our website without telling us who you are or providing any personal information about yourself.<br \/>\nCependant, nous pouvons parfois vous demander des informations.<\/p>\n<p>For example, to process an order, establish correspondence, provide a subscription or submit a job application.<br \/>\nWe may supplement this information to complete a transaction or provide better service.<\/p>\n<p>The information collected on the forms is recorded in a file computerized by Inphusio for the management of our customers.<br \/>\nThey are kept for 1 year and are intended for Inphusio, in no case they are transferred, sold or shared with third parties.<br \/>\nIn accordance with the General Data Protection Regulation (GDPR), you can exercise your right of access to your data and have it corrected or deleted by contacting :<br \/>\n<strong>Inphusio<\/strong><br \/>\ncontact@inphusio.com<\/p>\n<p>We inform you of the existence of the \"Bloctel\" list of opposition to telephone canvassing, on which you can register here: <a href=\"https:\/\/conso.bloctel.fr\/\">https:\/\/conso.bloctel.fr\/<\/a><\/p>\n<p>Establishment of links Inphusio authorizes the establishment of a hypertext link for all websites, excluding those disseminating information of a polemical, pornographic, xenophobic nature or which may, to a greater extent, offend the sensibilities of the general public. The link must lead to the home page of the site and the site www.inphusio.com must appear in a new window. The pages of the site www.inphusio.com must not under any circumstances be integrated into the pages of another site. Unless specific authorization is granted on a case-by-case basis, the deep link technique is totally forbidden. The request to establish a hypertext link from the Inphusio site must be made by e-mail. Inphusio reserves the right to request the removal of a link if it considers that the target site does not respect the rules thus defined.<\/p>\n\t<\/div>\r\n<\/div>\r\n\r\n\r\n\r\n\n\t\t\t<\/div> \n\t\t<\/div>\n\t<\/div> \n\n\t<div  class=\"vc_col-sm-3 wpb_column column_container vc_column_container col no-extra-padding inherit_tablet inherit_phone\"  data-padding-pos=\"all\" data-has-bg-color=\"false\" data-bg-color=\"\" data-bg-opacity=\"1\" data-animation=\"\" data-delay=\"0\" >\n\t\t<div class=\"vc_column-inner\" >\n\t\t\t<div class=\"wpb_wrapper\">\n\t\t\t\t\n\t\t\t<\/div> \n\t\t<\/div>\n\t<\/div> \n<\/div><\/div>\r\n\t\t<div id=\"fws_69d57f79602f6\"  data-column-margin=\"default\" data-midnight=\"light\" data-top-percent=\"3%\" data-bottom-percent=\"3%\"  class=\"wpb_row vc_row-fluid vc_row full-width-section  top_padding_tablet_10pct bottom_padding_tablet_20pct\"  style=\"padding-top: calc(100vw * 0.03); padding-bottom: calc(100vw * 0.03); \"><div class=\"row-bg-wrap\" data-bg-animation=\"none\" data-bg-overlay=\"false\"><div class=\"inner-wrap\"><div class=\"row-bg viewport-desktop using-bg-color\"  style=\"background-color: #2a3180; \"><\/div><\/div><\/div><div class=\"nectar-shape-divider-wrap\" style=\" height:1px;\"  data-height=\"1\" data-front=\"\" data-style=\"straight_section\" data-position=\"top\" ><svg class=\"nectar-shape-divider\" aria-hidden=\"true\" fill=\"#5b5b5b\" xmlns=\"http:\/\/www.w3.org\/2000\/svg\" viewbox=\"0 0 100 10\" preserveaspectratio=\"none\"> <polygon points=\"104 10, 104 0, 0 0, 0 10\"><\/polygon> <\/svg><\/div><div class=\"row_col_wrap_12 col span_12 light left\">\n\t<div  class=\"vc_col-sm-12 wpb_column column_container vc_column_container col no-extra-padding inherit_tablet inherit_phone border_style_solid\"  data-padding-pos=\"all\" data-has-bg-color=\"false\" data-bg-color=\"\" data-bg-opacity=\"1\" data-animation=\"\" data-delay=\"0\" >\n\t\t<div class=\"vc_column-inner\" >\n\t\t\t<div class=\"wpb_wrapper\">\n\t\t\t\t<div id=\"fws_69d57f7960653\" data-midnight=\"\" data-column-margin=\"default\" class=\"wpb_row vc_row-fluid vc_row inner_row vc_row-o-equal-height vc_row-flex vc_row-o-content-top\"  style=\"\"><div class=\"row-bg-wrap\"> <div class=\"row-bg\" ><\/div> <\/div><div class=\"row_col_wrap_12_inner col span_12  left\">\n\t<div  class=\"vc_col-sm-6 vc_col-md-6 wpb_column column_container vc_column_container col child_column has-animation no-extra-padding inherit_tablet inherit_phone\"    data-t-w-inherits=\"small_desktop\" data-padding-pos=\"all\" data-has-bg-color=\"false\" data-bg-color=\"\" data-bg-opacity=\"1\" data-animation=\"fade-in-from-bottom\" data-delay=\"0\" >\n\t\t<div class=\"vc_column-inner\" >\n\t\t<div class=\"wpb_wrapper\">\n\t\t\t\r\n<div class=\"wpb_text_column wpb_content_element\" >\r\n\t<div class=\"wpb_wrapper\">\r\n\t\t<h5>Contact us!<\/h5>\n<p>Isabelle Spannagel<br \/>\nDirector - Founder<\/p>\n\t<\/div>\r\n<\/div>\r\n\r\n\r\n\r\n<div class=\"divider-wrap\" data-alignment=\"default\"><div style=\"margin-top: 10px; width: 50px; height: 4px; margin-bottom: 10px;\" data-width=\"50\" data-animate=\"yes\" data-animation-delay=\"300\" data-color=\"extra-color-gradient-1\" class=\"divider-small-border\"><\/div><\/div>\r\n<div class=\"wpb_text_column wpb_content_element\" >\r\n\t<div class=\"wpb_wrapper\">\r\n\t\t<p><i class=\"icon-default-style fa fa-mobile extra-color-1\"><\/i> +33 662 49 44 36<br \/>\n<i class=\"icon-default-style fa fa-mobile extra-color-1\"><\/i> +352 621 74 45 38<\/p>\n\t<\/div>\r\n<\/div>\r\n\r\n\r\n\r\n<div class=\"nectar-cta  alignment_tablet_default alignment_phone_default display_tablet_inherit display_phone_inherit\" data-color=\"default\" data-using-bg=\"false\" data-display=\"block\" data-style=\"underline\" data-alignment=\"left\" data-text-color=\"std\" ><h5> <span class=\"text\"> <\/span><span class=\"link_wrap\" ><a  class=\"link_text\"  href=\"mailto:isabelle.spannagel@inphusio.com\">isabelle.spannagel@inphusio.com<\/a><\/span><\/h5><\/div>\n\t\t<\/div> \n\t<\/div>\n\t<\/div> \n\n\t<div  class=\"vc_col-sm-6 vc_col-md-6 wpb_column column_container vc_column_container col child_column has-animation no-extra-padding inherit_tablet inherit_phone\"    data-t-w-inherits=\"small_desktop\" data-padding-pos=\"all\" data-has-bg-color=\"false\" data-bg-color=\"\" data-bg-opacity=\"1\" data-animation=\"fade-in-from-bottom\" data-delay=\"0\" >\n\t\t<div class=\"vc_column-inner\" >\n\t\t<div class=\"wpb_wrapper\">\n\t\t\t\r\n<div class=\"wpb_text_column wpb_content_element\" >\r\n\t<div class=\"wpb_wrapper\">\r\n\t\t<h5>Follow us!<\/h5>\n\t<\/div>\r\n<\/div>\r\n\r\n\r\n\r\n<div class=\"nectar-cta  alignment_tablet_default alignment_phone_default display_tablet_inherit display_phone_inherit\" data-color=\"default\" data-using-bg=\"false\" data-display=\"inline\" data-style=\"underline\" data-alignment=\"left\" data-text-color=\"custom\" style=\"margin-right: 30px; margin-bottom: 10px; \"><h6 style=\"color: #ffffff;\"> <span class=\"text\"> <\/span><span class=\"link_wrap\" ><a  class=\"link_text\" style=\"border-color: #ffffff;\" href=\"https:\/\/www.linkedin.com\/in\/isabelle-reinachter-spannagel\/\">Linkedin<\/a><\/span><\/h6><\/div><div class=\"nectar-cta  alignment_tablet_default alignment_phone_default display_tablet_inherit display_phone_inherit\" data-color=\"default\" data-using-bg=\"false\" data-display=\"inline\" data-style=\"underline\" data-alignment=\"left\" data-text-color=\"custom\" style=\"margin-right: 30px; margin-bottom: 10px; \"><h6 style=\"color: #ffffff;\"> <span class=\"text\"> <\/span><span class=\"link_wrap\" ><a  class=\"link_text\" style=\"border-color: #ffffff;\" href=\"https:\/\/www.facebook.com\/inphusio\">Facebook<\/a><\/span><\/h6><\/div><div class=\"img-with-aniamtion-wrap\" data-max-width=\"50%\" data-max-width-mobile=\"default\" data-shadow=\"none\" data-animation=\"fade-in\" >\r\n      <div class=\"inner\">\r\n        <div class=\"hover-wrap\"> \r\n          <div class=\"hover-wrap-inner\">\r\n            <img loading=\"lazy\" decoding=\"async\" class=\"img-with-animation skip-lazy\" data-delay=\"0\" height=\"887\" width=\"1658\" data-animation=\"fade-in\" src=\"https:\/\/inphusio.com\/wp-content\/uploads\/2022\/02\/Logo_INPHUSIO_dore\u0301.png\" alt=\"\" srcset=\"https:\/\/inphusio.com\/wp-content\/uploads\/2022\/02\/Logo_INPHUSIO_dore\u0301.png 1658w, https:\/\/inphusio.com\/wp-content\/uploads\/2022\/02\/Logo_INPHUSIO_dore\u0301-300x160.png 300w, https:\/\/inphusio.com\/wp-content\/uploads\/2022\/02\/Logo_INPHUSIO_dore\u0301-1024x548.png 1024w, https:\/\/inphusio.com\/wp-content\/uploads\/2022\/02\/Logo_INPHUSIO_dore\u0301-768x411.png 768w, https:\/\/inphusio.com\/wp-content\/uploads\/2022\/02\/Logo_INPHUSIO_dore\u0301-1536x822.png 1536w\" sizes=\"auto, (max-width: 1658px) 100vw, 1658px\" \/>\r\n          <\/div>\r\n        <\/div>\r\n      <\/div>\r\n    <\/div>\n\t\t<\/div> \n\t<\/div>\n\t<\/div> \n<\/div><\/div>\n\t\t\t<\/div> \n\t\t<\/div>\n\t<\/div> \n<\/div><\/div>","protected":false},"excerpt":{"rendered":"Mentions l\u00e9gales Inphusio Vous disposez d'un droit d'acc\u00e8s, de modification, de rectification et de suppression des donn\u00e9es qui vous concernent (loi \"Informatique et Libert\u00e9s \" du 6 janvier 1978). Pour...","protected":false},"author":1,"featured_media":0,"parent":0,"menu_order":0,"comment_status":"closed","ping_status":"open","template":"","meta":{"footnotes":""},"class_list":["post-3","page","type-page","status-publish"],"yoast_head":"<!-- This site is optimized with the Yoast SEO plugin v21.2 - https:\/\/yoast.com\/wordpress\/plugins\/seo\/ -->\n<title>Mentions l\u00e9gales - IS2C - Coaching &amp; Consulting SARL<\/title>\n<meta name=\"robots\" content=\"index, follow, max-snippet:-1, max-image-preview:large, max-video-preview:-1\" \/>\n<link rel=\"canonical\" href=\"http:\/\/inphusio.com\/en\/mentions-legales\/\" \/>\n<meta property=\"og:locale\" content=\"en_US\" \/>\n<meta property=\"og:type\" content=\"article\" \/>\n<meta property=\"og:title\" content=\"Mentions l\u00e9gales - IS2C - Coaching &amp; Consulting SARL\" \/>\n<meta property=\"og:url\" content=\"http:\/\/inphusio.com\/en\/mentions-legales\/\" \/>\n<meta property=\"og:site_name\" content=\"IS2C - Coaching &amp; Consulting SARL\" \/>\n<meta property=\"article:publisher\" content=\"https:\/\/www.facebook.com\/inphusio\" \/>\n<meta property=\"article:modified_time\" content=\"2022-04-04T09:08:33+00:00\" \/>\n<meta name=\"twitter:card\" content=\"summary_large_image\" \/>\n<meta name=\"twitter:label1\" content=\"Est. reading time\" \/>\n\t<meta name=\"twitter:data1\" content=\"1 minute\" \/>\n<script type=\"application\/ld+json\" class=\"yoast-schema-graph\">{\"@context\":\"https:\/\/schema.org\",\"@graph\":[{\"@type\":\"WebPage\",\"@id\":\"https:\/\/inphusio.com\/mentions-legales\/\",\"url\":\"https:\/\/inphusio.com\/mentions-legales\/\",\"name\":\"Mentions l\u00e9gales - IS2C - Coaching &amp; Consulting SARL\",\"isPartOf\":{\"@id\":\"https:\/\/inphusio.com\/#website\"},\"datePublished\":\"2022-02-01T18:30:40+00:00\",\"dateModified\":\"2022-04-04T09:08:33+00:00\",\"breadcrumb\":{\"@id\":\"https:\/\/inphusio.com\/mentions-legales\/#breadcrumb\"},\"inLanguage\":\"en-US\",\"potentialAction\":[{\"@type\":\"ReadAction\",\"target\":[\"https:\/\/inphusio.com\/mentions-legales\/\"]}]},{\"@type\":\"BreadcrumbList\",\"@id\":\"https:\/\/inphusio.com\/mentions-legales\/#breadcrumb\",\"itemListElement\":[{\"@type\":\"ListItem\",\"position\":1,\"name\":\"Accueil\",\"item\":\"https:\/\/inphusio.com\/\"},{\"@type\":\"ListItem\",\"position\":2,\"name\":\"Mentions l\u00e9gales\"}]},{\"@type\":\"WebSite\",\"@id\":\"https:\/\/inphusio.com\/#website\",\"url\":\"https:\/\/inphusio.com\/\",\"name\":\"IS2C - Coaching &amp; Consulting SARL\",\"description\":\"Osez l&#039;alliance Humain - Performance !\",\"potentialAction\":[{\"@type\":\"SearchAction\",\"target\":{\"@type\":\"EntryPoint\",\"urlTemplate\":\"https:\/\/inphusio.com\/?s={search_term_string}\"},\"query-input\":\"required name=search_term_string\"}],\"inLanguage\":\"en-US\"}]}<\/script>\n<!-- \/ Yoast SEO plugin. -->","yoast_head_json":{"title":"Mentions l\u00e9gales - IS2C - Coaching &amp; Consulting SARL","robots":{"index":"index","follow":"follow","max-snippet":"max-snippet:-1","max-image-preview":"max-image-preview:large","max-video-preview":"max-video-preview:-1"},"canonical":"http:\/\/inphusio.com\/en\/mentions-legales\/","og_locale":"en_US","og_type":"article","og_title":"Mentions l\u00e9gales - IS2C - Coaching &amp; Consulting SARL","og_url":"http:\/\/inphusio.com\/en\/mentions-legales\/","og_site_name":"IS2C - Coaching &amp; Consulting SARL","article_publisher":"https:\/\/www.facebook.com\/inphusio","article_modified_time":"2022-04-04T09:08:33+00:00","twitter_card":"summary_large_image","twitter_misc":{"Est. reading time":"1 minute"},"schema":{"@context":"https:\/\/schema.org","@graph":[{"@type":"WebPage","@id":"https:\/\/inphusio.com\/mentions-legales\/","url":"https:\/\/inphusio.com\/mentions-legales\/","name":"Mentions l\u00e9gales - IS2C - Coaching &amp; Consulting SARL","isPartOf":{"@id":"https:\/\/inphusio.com\/#website"},"datePublished":"2022-02-01T18:30:40+00:00","dateModified":"2022-04-04T09:08:33+00:00","breadcrumb":{"@id":"https:\/\/inphusio.com\/mentions-legales\/#breadcrumb"},"inLanguage":"en-US","potentialAction":[{"@type":"ReadAction","target":["https:\/\/inphusio.com\/mentions-legales\/"]}]},{"@type":"BreadcrumbList","@id":"https:\/\/inphusio.com\/mentions-legales\/#breadcrumb","itemListElement":[{"@type":"ListItem","position":1,"name":"Accueil","item":"https:\/\/inphusio.com\/"},{"@type":"ListItem","position":2,"name":"Mentions l\u00e9gales"}]},{"@type":"WebSite","@id":"https:\/\/inphusio.com\/#website","url":"https:\/\/inphusio.com\/","name":"IS2C - Coaching &amp; Consulting SARL","description":"Osez l&#039;alliance Humain - Performance !","potentialAction":[{"@type":"SearchAction","target":{"@type":"EntryPoint","urlTemplate":"https:\/\/inphusio.com\/?s={search_term_string}"},"query-input":"required name=search_term_string"}],"inLanguage":"en-US"}]}},"_links":{"self":[{"href":"http:\/\/inphusio.com\/en\/wp-json\/wp\/v2\/pages\/3","targetHints":{"allow":["GET"]}}],"collection":[{"href":"http:\/\/inphusio.com\/en\/wp-json\/wp\/v2\/pages"}],"about":[{"href":"http:\/\/inphusio.com\/en\/wp-json\/wp\/v2\/types\/page"}],"author":[{"embeddable":true,"href":"http:\/\/inphusio.com\/en\/wp-json\/wp\/v2\/users\/1"}],"replies":[{"embeddable":true,"href":"http:\/\/inphusio.com\/en\/wp-json\/wp\/v2\/comments?post=3"}],"version-history":[{"count":4,"href":"http:\/\/inphusio.com\/en\/wp-json\/wp\/v2\/pages\/3\/revisions"}],"predecessor-version":[{"id":519,"href":"http:\/\/inphusio.com\/en\/wp-json\/wp\/v2\/pages\/3\/revisions\/519"}],"wp:attachment":[{"href":"http:\/\/inphusio.com\/en\/wp-json\/wp\/v2\/media?parent=3"}],"curies":[{"name":"wp","href":"https:\/\/api.w.org\/{rel}","templated":true}]}}